{"id":3874,"date":"2024-12-03T16:04:21","date_gmt":"2024-12-03T15:04:21","guid":{"rendered":"https:\/\/www.icra.global\/?page_id=3874"},"modified":"2024-12-05T11:51:25","modified_gmt":"2024-12-05T10:51:25","slug":"sobre-icra","status":"publish","type":"page","link":"https:\/\/www.icra.global\/fr\/sobre-icra\/","title":{"rendered":"Sobre iCRA"},"content":{"rendered":"<p><span class=\"OYPEnA font-feature-liga-off font-feature-clig-off font-feature-calt-off text-decoration-none text-strikethrough-none\">iCRA dota a los profesionales de la agroindustria y la agroeducaci\u00f3n de las habilidades que necesitan para crear confianza y colaboraciones sostenibles. \u00bfNuestra misi\u00f3n? Crear agroempresas resistentes, innovadoras y pr\u00f3speras que ofrezcan oportunidades profesionales atractivas para los j\u00f3venes.<\/span><\/p>\n<h3>\u00a1Construyamos confianza juntos!<\/h3>\n<div class=\"flex-shrink-0 flex flex-col relative items-end\">\n<div>\n<div class=\"pt-0\">\n<div class=\"gizmo-shadow-stroke flex h-8 w-8 items-center justify-center overflow-hidden rounded-full\">\n<div class=\"h-full w-full\">\n<div class=\"gizmo-shadow-stroke overflow-hidden rounded-full\">\n<p>El equipo multiling\u00fce de iCRA tiene sedes en Coton\u00fa, Lovaina, Montpellier y Wageningen. Somos creativos y nos encanta facilitar colaboraciones. \u00a1Por suerte, no trabajamos solos! Nuestro equipo incluye una red de socios en los pa\u00edses donde operamos. Estos socios son imprescindibles y forman parte de organizaciones que comparten nuestra visi\u00f3n. Ponemos el poder en manos de las personas que impulsan el cambio a nivel local.<\/p>\n<p>En esta <a href=\"https:\/\/www.icra.global\/wp-content\/uploads\/2024\/12\/Nov24-version-Final-ESP-Combi-Capacity-Statement.pdf\" target=\"_blank\" rel=\"noopener\">Declaraci\u00f3n de Capacidad<\/a>, un documento descargable, encontrar\u00e1s todo sobre nuestro enfoque y nuestro impacto. Descubre nuestros proyectos en agronegocios y educaci\u00f3n agr\u00edcola, nuestros cursos y nuestros formadores.<\/p>\n<div class=\"flex-shrink-0 flex flex-col relative items-end\">\n<div>\n<div class=\"pt-0\">\n<div class=\"gizmo-shadow-stroke flex h-8 w-8 items-center justify-center overflow-hidden rounded-full\">\n<div class=\"h-full w-full\">\n<div class=\"gizmo-shadow-stroke overflow-hidden rounded-full\">\u00bfTe gustar\u00eda conocer a nuestro equipo? Haz clic\u00a0<a href=\"https:\/\/www.icra.global\/about-icra\/#team\" target=\"_blank\" rel=\"noopener\">aqu\u00ed<\/a>\u00a0(ser\u00e1s redirigido a una p\u00e1gina en ingl\u00e9s).<\/div>\n<\/div>\n<\/div>\n<\/div>\n<\/div>\n<\/div>\n<\/div>\n<\/div>\n<\/div>\n<\/div>\n<\/div>\n<\/div>\n","protected":false},"excerpt":{"rendered":"<p>iCRA dota a los profesionales de la agroindustria y la agroeducaci\u00f3n de las habilidades que necesitan para crear confianza y colaboraciones sostenibles. \u00bfNuestra misi\u00f3n? Crear agroempresas resistentes, innovadoras y pr\u00f3speras que ofrezcan oportunidades profesionales atractivas para los j\u00f3venes. \u00a1Construyamos confianza juntos! El equipo multiling\u00fce de iCRA tiene sedes en Coton\u00fa, Lovaina, Montpellier y Wageningen. Somos [&hellip;]<\/p>\n","protected":false},"author":4,"featured_media":0,"parent":0,"menu_order":0,"comment_status":"closed","ping_status":"closed","template":"","meta":{"_acf_changed":false,"footnotes":""},"class_list":["post-3874","page","type-page","status-publish","hentry"],"acf":[],"yoast_head":"<!-- This site is optimized with the Yoast SEO plugin v27.0 - https:\/\/yoast.com\/product\/yoast-seo-wordpress\/ -->\n<title>Sobre iCRA - iCRA<\/title>\n<meta name=\"robots\" content=\"index, follow, max-snippet:-1, max-image-preview:large, max-video-preview:-1\" \/>\n<link rel=\"canonical\" href=\"https:\/\/www.icra.global\/fr\/sobre-icra\/\" \/>\n<meta property=\"og:locale\" content=\"fr_FR\" \/>\n<meta property=\"og:type\" content=\"article\" \/>\n<meta property=\"og:title\" content=\"Sobre iCRA - iCRA\" \/>\n<meta property=\"og:description\" content=\"iCRA dota a los profesionales de la agroindustria y la agroeducaci\u00f3n de las habilidades que necesitan para crear confianza y colaboraciones sostenibles. \u00bfNuestra misi\u00f3n? Crear agroempresas resistentes, innovadoras y pr\u00f3speras que ofrezcan oportunidades profesionales atractivas para los j\u00f3venes. \u00a1Construyamos confianza juntos! El equipo multiling\u00fce de iCRA tiene sedes en Coton\u00fa, Lovaina, Montpellier y Wageningen. Somos [&hellip;]\" \/>\n<meta property=\"og:url\" content=\"https:\/\/www.icra.global\/fr\/sobre-icra\/\" \/>\n<meta property=\"og:site_name\" content=\"iCRA\" \/>\n<meta property=\"article:publisher\" content=\"https:\/\/www.facebook.com\/iCRAedu\/\" \/>\n<meta property=\"article:modified_time\" content=\"2024-12-05T10:51:25+00:00\" \/>\n<meta name=\"twitter:card\" content=\"summary_large_image\" \/>\n<meta name=\"twitter:label1\" content=\"Dur\u00e9e de lecture estim\u00e9e\" \/>\n\t<meta name=\"twitter:data1\" content=\"2 minutes\" \/>\n<!-- \/ Yoast SEO plugin. -->","yoast_head_json":{"title":"Sobre iCRA - iCRA","robots":{"index":"index","follow":"follow","max-snippet":"max-snippet:-1","max-image-preview":"max-image-preview:large","max-video-preview":"max-video-preview:-1"},"canonical":"https:\/\/www.icra.global\/fr\/sobre-icra\/","og_locale":"fr_FR","og_type":"article","og_title":"Sobre iCRA - iCRA","og_description":"iCRA dota a los profesionales de la agroindustria y la agroeducaci\u00f3n de las habilidades que necesitan para crear confianza y colaboraciones sostenibles. \u00bfNuestra misi\u00f3n? Crear agroempresas resistentes, innovadoras y pr\u00f3speras que ofrezcan oportunidades profesionales atractivas para los j\u00f3venes. \u00a1Construyamos confianza juntos! El equipo multiling\u00fce de iCRA tiene sedes en Coton\u00fa, Lovaina, Montpellier y Wageningen. Somos [&hellip;]","og_url":"https:\/\/www.icra.global\/fr\/sobre-icra\/","og_site_name":"iCRA","article_publisher":"https:\/\/www.facebook.com\/iCRAedu\/","article_modified_time":"2024-12-05T10:51:25+00:00","twitter_card":"summary_large_image","twitter_misc":{"Dur\u00e9e de lecture estim\u00e9e":"2 minutes"},"schema":{"@context":"https:\/\/schema.org","@graph":[{"@type":"WebPage","@id":"https:\/\/www.icra.global\/fr\/sobre-icra\/","url":"https:\/\/www.icra.global\/fr\/sobre-icra\/","name":"Sobre iCRA - iCRA","isPartOf":{"@id":"https:\/\/www.icra.global\/fr\/#website"},"datePublished":"2024-12-03T15:04:21+00:00","dateModified":"2024-12-05T10:51:25+00:00","inLanguage":"fr-FR","potentialAction":[{"@type":"ReadAction","target":["https:\/\/www.icra.global\/fr\/sobre-icra\/"]}]},{"@type":"WebSite","@id":"https:\/\/www.icra.global\/fr\/#website","url":"https:\/\/www.icra.global\/fr\/","name":"iCRA","description":"Building Trust","publisher":{"@id":"https:\/\/www.icra.global\/fr\/#organization"},"alternateName":"iCRA","potentialAction":[{"@type":"SearchAction","target":{"@type":"EntryPoint","urlTemplate":"https:\/\/www.icra.global\/fr\/?s={search_term_string}"},"query-input":{"@type":"PropertyValueSpecification","valueRequired":true,"valueName":"search_term_string"}}],"inLanguage":"fr-FR"},{"@type":"Organization","@id":"https:\/\/www.icra.global\/fr\/#organization","name":"iCRA","alternateName":"iCRA","url":"https:\/\/www.icra.global\/fr\/","logo":{"@type":"ImageObject","inLanguage":"fr-FR","@id":"https:\/\/www.icra.global\/fr\/#\/schema\/logo\/image\/","url":"https:\/\/www.icra.global\/wp-content\/uploads\/2023\/11\/logo-icra.svg","contentUrl":"https:\/\/www.icra.global\/wp-content\/uploads\/2023\/11\/logo-icra.svg","width":1,"height":1,"caption":"iCRA"},"image":{"@id":"https:\/\/www.icra.global\/fr\/#\/schema\/logo\/image\/"},"sameAs":["https:\/\/www.facebook.com\/iCRAedu\/","https:\/\/www.instagram.com\/icra.buildingtrust\/","https:\/\/www.linkedin.com\/in\/icra\/","https:\/\/www.youtube.com\/channel\/UCuoFX2H2tMSHNQ2mTv30kXw"]}]}},"_links":{"self":[{"href":"https:\/\/www.icra.global\/fr\/wp-json\/wp\/v2\/pages\/3874","targetHints":{"allow":["GET"]}}],"collection":[{"href":"https:\/\/www.icra.global\/fr\/wp-json\/wp\/v2\/pages"}],"about":[{"href":"https:\/\/www.icra.global\/fr\/wp-json\/wp\/v2\/types\/page"}],"author":[{"embeddable":true,"href":"https:\/\/www.icra.global\/fr\/wp-json\/wp\/v2\/users\/4"}],"replies":[{"embeddable":true,"href":"https:\/\/www.icra.global\/fr\/wp-json\/wp\/v2\/comments?post=3874"}],"version-history":[{"count":5,"href":"https:\/\/www.icra.global\/fr\/wp-json\/wp\/v2\/pages\/3874\/revisions"}],"predecessor-version":[{"id":3895,"href":"https:\/\/www.icra.global\/fr\/wp-json\/wp\/v2\/pages\/3874\/revisions\/3895"}],"wp:attachment":[{"href":"https:\/\/www.icra.global\/fr\/wp-json\/wp\/v2\/media?parent=3874"}],"curies":[{"name":"wp","href":"https:\/\/api.w.org\/{rel}","templated":true}]}}