{"id":4295,"date":"2025-06-20T13:46:05","date_gmt":"2025-06-20T11:46:05","guid":{"rendered":"https:\/\/www.icra.global\/?page_id=4295"},"modified":"2025-06-20T13:53:48","modified_gmt":"2025-06-20T11:53:48","slug":"guide-abc-formation-et-coaching-dicra","status":"publish","type":"page","link":"https:\/\/www.icra.global\/fr\/guide-abc-formation-et-coaching-dicra\/","title":{"rendered":"Guide ABC formation et coaching d&rsquo;iCRA"},"content":{"rendered":"<h3 data-start=\"0\" data-end=\"49\">Qu\u2019est-ce que les clusters agricoles (ABC) ?<\/h3>\n<p data-start=\"51\" data-end=\"628\">Les clusters agricoles (en anglais: Agribusiness Clusters) sont des r\u00e9seaux coop\u00e9ratifs locaux, propres \u00e0 chaque fili\u00e8re, r\u00e9unissant des acteurs de l\u2019agribusiness d\u00e9sireux de partenariats commerciaux gagnant-gagnant. Ils \u00e9laborent ensemble des plans strat\u00e9giques et recherchent des solutions \u00e0 leurs d\u00e9fis communs. Unis, ils am\u00e9liorent la qualit\u00e9 des produits, r\u00e9duisent les co\u00fbts de transaction et augmentent les volumes d\u2019activit\u00e9. Ils partagent aussi les risques et les b\u00e9n\u00e9fices de l\u2019innovation. La confiance et la communication sont indispensables pour comprendre les int\u00e9r\u00eats de chacun.<\/p>\n<p data-start=\"630\" data-end=\"975\">iCRA optimise les \u00e9cosyst\u00e8mes agroalimentaires en nouant des partenariats qui placent les bons services, produits et garanties de qualit\u00e9 au bon endroit et au bon moment.<\/p>\n<p>Nous sommes heureux de partager les enseignements de notre approche des clusters d\u2019agribusiness pour aider chacun \u00e0 contribuer \u00e0 un secteur agricole innovant et prosp\u00e8re. <a href=\"https:\/\/www.icra.global\/wp-content\/uploads\/2025\/06\/iCRAs-ABC-Training-Coaching-Guidelines.pdf\" target=\"_blank\" rel=\"noopener\">Consultez ici le Guide ABC de formation et de coaching d\u2019iCRA<\/a>\u00a0 (actuellement disponible uniquement en anglais).<\/p>\n<p>Pour toute question ou besoin de soutien, contactez notre sp\u00e9cialiste ABC, <a href=\"https:\/\/www.icra.global\/fr\/equipe\/cees-peter-van-den-brink\/\">Cees Peter van den Brink<\/a>.<\/p>\n","protected":false},"excerpt":{"rendered":"<p>Qu\u2019est-ce que les clusters agricoles (ABC) ? Les clusters agricoles (en anglais: Agribusiness Clusters) sont des r\u00e9seaux coop\u00e9ratifs locaux, propres \u00e0 chaque fili\u00e8re, r\u00e9unissant des acteurs de l\u2019agribusiness d\u00e9sireux de partenariats commerciaux gagnant-gagnant. Ils \u00e9laborent ensemble des plans strat\u00e9giques et recherchent des solutions \u00e0 leurs d\u00e9fis communs. Unis, ils am\u00e9liorent la qualit\u00e9 des produits, r\u00e9duisent [&hellip;]<\/p>\n","protected":false},"author":4,"featured_media":0,"parent":0,"menu_order":0,"comment_status":"closed","ping_status":"closed","template":"","meta":{"_acf_changed":false,"footnotes":""},"class_list":["post-4295","page","type-page","status-publish","hentry"],"acf":[],"yoast_head":"<!-- This site is optimized with the Yoast SEO plugin v27.0 - https:\/\/yoast.com\/product\/yoast-seo-wordpress\/ -->\n<title>Guide ABC formation et coaching d&#039;iCRA - iCRA<\/title>\n<meta name=\"robots\" content=\"index, follow, max-snippet:-1, max-image-preview:large, max-video-preview:-1\" \/>\n<link rel=\"canonical\" href=\"https:\/\/www.icra.global\/fr\/guide-abc-formation-et-coaching-dicra\/\" \/>\n<meta property=\"og:locale\" content=\"fr_FR\" \/>\n<meta property=\"og:type\" content=\"article\" \/>\n<meta property=\"og:title\" content=\"Guide ABC formation et coaching d&#039;iCRA - iCRA\" \/>\n<meta property=\"og:description\" content=\"Qu\u2019est-ce que les clusters agricoles (ABC) ? Les clusters agricoles (en anglais: Agribusiness Clusters) sont des r\u00e9seaux coop\u00e9ratifs locaux, propres \u00e0 chaque fili\u00e8re, r\u00e9unissant des acteurs de l\u2019agribusiness d\u00e9sireux de partenariats commerciaux gagnant-gagnant. Ils \u00e9laborent ensemble des plans strat\u00e9giques et recherchent des solutions \u00e0 leurs d\u00e9fis communs. Unis, ils am\u00e9liorent la qualit\u00e9 des produits, r\u00e9duisent [&hellip;]\" \/>\n<meta property=\"og:url\" content=\"https:\/\/www.icra.global\/fr\/guide-abc-formation-et-coaching-dicra\/\" \/>\n<meta property=\"og:site_name\" content=\"iCRA\" \/>\n<meta property=\"article:publisher\" content=\"https:\/\/www.facebook.com\/iCRAedu\/\" \/>\n<meta property=\"article:modified_time\" content=\"2025-06-20T11:53:48+00:00\" \/>\n<meta name=\"twitter:card\" content=\"summary_large_image\" \/>\n<meta name=\"twitter:label1\" content=\"Dur\u00e9e de lecture estim\u00e9e\" \/>\n\t<meta name=\"twitter:data1\" content=\"2 minutes\" \/>\n<!-- \/ Yoast SEO plugin. -->","yoast_head_json":{"title":"Guide ABC formation et coaching d'iCRA - iCRA","robots":{"index":"index","follow":"follow","max-snippet":"max-snippet:-1","max-image-preview":"max-image-preview:large","max-video-preview":"max-video-preview:-1"},"canonical":"https:\/\/www.icra.global\/fr\/guide-abc-formation-et-coaching-dicra\/","og_locale":"fr_FR","og_type":"article","og_title":"Guide ABC formation et coaching d'iCRA - iCRA","og_description":"Qu\u2019est-ce que les clusters agricoles (ABC) ? Les clusters agricoles (en anglais: Agribusiness Clusters) sont des r\u00e9seaux coop\u00e9ratifs locaux, propres \u00e0 chaque fili\u00e8re, r\u00e9unissant des acteurs de l\u2019agribusiness d\u00e9sireux de partenariats commerciaux gagnant-gagnant. Ils \u00e9laborent ensemble des plans strat\u00e9giques et recherchent des solutions \u00e0 leurs d\u00e9fis communs. Unis, ils am\u00e9liorent la qualit\u00e9 des produits, r\u00e9duisent [&hellip;]","og_url":"https:\/\/www.icra.global\/fr\/guide-abc-formation-et-coaching-dicra\/","og_site_name":"iCRA","article_publisher":"https:\/\/www.facebook.com\/iCRAedu\/","article_modified_time":"2025-06-20T11:53:48+00:00","twitter_card":"summary_large_image","twitter_misc":{"Dur\u00e9e de lecture estim\u00e9e":"2 minutes"},"schema":{"@context":"https:\/\/schema.org","@graph":[{"@type":"WebPage","@id":"https:\/\/www.icra.global\/fr\/guide-abc-formation-et-coaching-dicra\/","url":"https:\/\/www.icra.global\/fr\/guide-abc-formation-et-coaching-dicra\/","name":"Guide ABC formation et coaching d'iCRA - iCRA","isPartOf":{"@id":"https:\/\/www.icra.global\/fr\/#website"},"datePublished":"2025-06-20T11:46:05+00:00","dateModified":"2025-06-20T11:53:48+00:00","inLanguage":"fr-FR","potentialAction":[{"@type":"ReadAction","target":["https:\/\/www.icra.global\/fr\/guide-abc-formation-et-coaching-dicra\/"]}]},{"@type":"WebSite","@id":"https:\/\/www.icra.global\/fr\/#website","url":"https:\/\/www.icra.global\/fr\/","name":"iCRA","description":"Building Trust","publisher":{"@id":"https:\/\/www.icra.global\/fr\/#organization"},"alternateName":"iCRA","potentialAction":[{"@type":"SearchAction","target":{"@type":"EntryPoint","urlTemplate":"https:\/\/www.icra.global\/fr\/?s={search_term_string}"},"query-input":{"@type":"PropertyValueSpecification","valueRequired":true,"valueName":"search_term_string"}}],"inLanguage":"fr-FR"},{"@type":"Organization","@id":"https:\/\/www.icra.global\/fr\/#organization","name":"iCRA","alternateName":"iCRA","url":"https:\/\/www.icra.global\/fr\/","logo":{"@type":"ImageObject","inLanguage":"fr-FR","@id":"https:\/\/www.icra.global\/fr\/#\/schema\/logo\/image\/","url":"https:\/\/www.icra.global\/wp-content\/uploads\/2023\/11\/logo-icra.svg","contentUrl":"https:\/\/www.icra.global\/wp-content\/uploads\/2023\/11\/logo-icra.svg","width":1,"height":1,"caption":"iCRA"},"image":{"@id":"https:\/\/www.icra.global\/fr\/#\/schema\/logo\/image\/"},"sameAs":["https:\/\/www.facebook.com\/iCRAedu\/","https:\/\/www.instagram.com\/icra.buildingtrust\/","https:\/\/www.linkedin.com\/in\/icra\/","https:\/\/www.youtube.com\/channel\/UCuoFX2H2tMSHNQ2mTv30kXw"]}]}},"_links":{"self":[{"href":"https:\/\/www.icra.global\/fr\/wp-json\/wp\/v2\/pages\/4295","targetHints":{"allow":["GET"]}}],"collection":[{"href":"https:\/\/www.icra.global\/fr\/wp-json\/wp\/v2\/pages"}],"about":[{"href":"https:\/\/www.icra.global\/fr\/wp-json\/wp\/v2\/types\/page"}],"author":[{"embeddable":true,"href":"https:\/\/www.icra.global\/fr\/wp-json\/wp\/v2\/users\/4"}],"replies":[{"embeddable":true,"href":"https:\/\/www.icra.global\/fr\/wp-json\/wp\/v2\/comments?post=4295"}],"version-history":[{"count":3,"href":"https:\/\/www.icra.global\/fr\/wp-json\/wp\/v2\/pages\/4295\/revisions"}],"predecessor-version":[{"id":4298,"href":"https:\/\/www.icra.global\/fr\/wp-json\/wp\/v2\/pages\/4295\/revisions\/4298"}],"wp:attachment":[{"href":"https:\/\/www.icra.global\/fr\/wp-json\/wp\/v2\/media?parent=4295"}],"curies":[{"name":"wp","href":"https:\/\/api.w.org\/{rel}","templated":true}]}}