{"id":938,"date":"2023-11-15T15:43:13","date_gmt":"2023-11-15T14:43:13","guid":{"rendered":"https:\/\/www.icra.global\/?page_id=938"},"modified":"2024-10-31T14:09:28","modified_gmt":"2024-10-31T13:09:28","slug":"communaute-icra","status":"publish","type":"page","link":"https:\/\/www.icra.global\/fr\/communaute-icra\/","title":{"rendered":"Communaut\u00e9 iCRA"},"content":{"rendered":"","protected":false},"excerpt":{"rendered":"","protected":false},"author":2,"featured_media":0,"parent":0,"menu_order":0,"comment_status":"closed","ping_status":"closed","template":"template-community.php","meta":{"_acf_changed":false,"footnotes":""},"class_list":["post-938","page","type-page","status-publish","hentry"],"acf":[],"yoast_head":"<!-- This site is optimized with the Yoast SEO plugin v27.0 - https:\/\/yoast.com\/product\/yoast-seo-wordpress\/ -->\n<title>Communaut\u00e9 iCRA - iCRA<\/title>\n<meta name=\"description\" content=\"D\u00e9couvrez r\u00e9seau mondial d&#039;anciens apprenants, partenaires et facilitateurs iCRA. Notre communaut\u00e9 est forte gr\u00e2ce \u00e0 des connexions solides et une collaboration continue.\" \/>\n<meta name=\"robots\" content=\"index, follow, max-snippet:-1, max-image-preview:large, max-video-preview:-1\" \/>\n<link rel=\"canonical\" href=\"https:\/\/www.icra.global\/fr\/communaute-icra\/\" \/>\n<meta property=\"og:locale\" content=\"fr_FR\" \/>\n<meta property=\"og:type\" content=\"article\" \/>\n<meta property=\"og:title\" content=\"Communaut\u00e9 iCRA - iCRA\" \/>\n<meta property=\"og:description\" content=\"D\u00e9couvrez r\u00e9seau mondial d&#039;anciens apprenants, partenaires et facilitateurs iCRA. Notre communaut\u00e9 est forte gr\u00e2ce \u00e0 des connexions solides et une collaboration continue.\" \/>\n<meta property=\"og:url\" content=\"https:\/\/www.icra.global\/fr\/communaute-icra\/\" \/>\n<meta property=\"og:site_name\" content=\"iCRA\" \/>\n<meta property=\"article:publisher\" content=\"https:\/\/www.facebook.com\/iCRAedu\/\" \/>\n<meta property=\"article:modified_time\" content=\"2024-10-31T13:09:28+00:00\" \/>\n<meta name=\"twitter:card\" content=\"summary_large_image\" \/>\n<meta name=\"twitter:label1\" content=\"Dur\u00e9e de lecture estim\u00e9e\" \/>\n\t<meta name=\"twitter:data1\" content=\"4 minutes\" \/>\n<!-- \/ Yoast SEO plugin. -->","yoast_head_json":{"title":"Communaut\u00e9 iCRA - iCRA","description":"D\u00e9couvrez r\u00e9seau mondial d'anciens apprenants, partenaires et facilitateurs iCRA. Notre communaut\u00e9 est forte gr\u00e2ce \u00e0 des connexions solides et une collaboration continue.","robots":{"index":"index","follow":"follow","max-snippet":"max-snippet:-1","max-image-preview":"max-image-preview:large","max-video-preview":"max-video-preview:-1"},"canonical":"https:\/\/www.icra.global\/fr\/communaute-icra\/","og_locale":"fr_FR","og_type":"article","og_title":"Communaut\u00e9 iCRA - iCRA","og_description":"D\u00e9couvrez r\u00e9seau mondial d'anciens apprenants, partenaires et facilitateurs iCRA. Notre communaut\u00e9 est forte gr\u00e2ce \u00e0 des connexions solides et une collaboration continue.","og_url":"https:\/\/www.icra.global\/fr\/communaute-icra\/","og_site_name":"iCRA","article_publisher":"https:\/\/www.facebook.com\/iCRAedu\/","article_modified_time":"2024-10-31T13:09:28+00:00","twitter_card":"summary_large_image","twitter_misc":{"Dur\u00e9e de lecture estim\u00e9e":"4 minutes"},"schema":{"@context":"https:\/\/schema.org","@graph":[{"@type":"WebPage","@id":"https:\/\/www.icra.global\/fr\/communaute-icra\/","url":"https:\/\/www.icra.global\/fr\/communaute-icra\/","name":"Communaut\u00e9 iCRA - iCRA","isPartOf":{"@id":"https:\/\/www.icra.global\/fr\/#website"},"datePublished":"2023-11-15T14:43:13+00:00","dateModified":"2024-10-31T13:09:28+00:00","description":"D\u00e9couvrez r\u00e9seau mondial d'anciens apprenants, partenaires et facilitateurs iCRA. Notre communaut\u00e9 est forte gr\u00e2ce \u00e0 des connexions solides et une collaboration continue.","inLanguage":"fr-FR","potentialAction":[{"@type":"ReadAction","target":["https:\/\/www.icra.global\/fr\/communaute-icra\/"]}]},{"@type":"WebSite","@id":"https:\/\/www.icra.global\/fr\/#website","url":"https:\/\/www.icra.global\/fr\/","name":"iCRA","description":"Building Trust","publisher":{"@id":"https:\/\/www.icra.global\/fr\/#organization"},"alternateName":"iCRA","potentialAction":[{"@type":"SearchAction","target":{"@type":"EntryPoint","urlTemplate":"https:\/\/www.icra.global\/fr\/?s={search_term_string}"},"query-input":{"@type":"PropertyValueSpecification","valueRequired":true,"valueName":"search_term_string"}}],"inLanguage":"fr-FR"},{"@type":"Organization","@id":"https:\/\/www.icra.global\/fr\/#organization","name":"iCRA","alternateName":"iCRA","url":"https:\/\/www.icra.global\/fr\/","logo":{"@type":"ImageObject","inLanguage":"fr-FR","@id":"https:\/\/www.icra.global\/fr\/#\/schema\/logo\/image\/","url":"https:\/\/www.icra.global\/wp-content\/uploads\/2023\/11\/logo-icra.svg","contentUrl":"https:\/\/www.icra.global\/wp-content\/uploads\/2023\/11\/logo-icra.svg","width":1,"height":1,"caption":"iCRA"},"image":{"@id":"https:\/\/www.icra.global\/fr\/#\/schema\/logo\/image\/"},"sameAs":["https:\/\/www.facebook.com\/iCRAedu\/","https:\/\/www.instagram.com\/icra.buildingtrust\/","https:\/\/www.linkedin.com\/in\/icra\/","https:\/\/www.youtube.com\/channel\/UCuoFX2H2tMSHNQ2mTv30kXw"]}]}},"_links":{"self":[{"href":"https:\/\/www.icra.global\/fr\/wp-json\/wp\/v2\/pages\/938","targetHints":{"allow":["GET"]}}],"collection":[{"href":"https:\/\/www.icra.global\/fr\/wp-json\/wp\/v2\/pages"}],"about":[{"href":"https:\/\/www.icra.global\/fr\/wp-json\/wp\/v2\/types\/page"}],"author":[{"embeddable":true,"href":"https:\/\/www.icra.global\/fr\/wp-json\/wp\/v2\/users\/2"}],"replies":[{"embeddable":true,"href":"https:\/\/www.icra.global\/fr\/wp-json\/wp\/v2\/comments?post=938"}],"version-history":[{"count":8,"href":"https:\/\/www.icra.global\/fr\/wp-json\/wp\/v2\/pages\/938\/revisions"}],"predecessor-version":[{"id":3801,"href":"https:\/\/www.icra.global\/fr\/wp-json\/wp\/v2\/pages\/938\/revisions\/3801"}],"wp:attachment":[{"href":"https:\/\/www.icra.global\/fr\/wp-json\/wp\/v2\/media?parent=938"}],"curies":[{"name":"wp","href":"https:\/\/api.w.org\/{rel}","templated":true}]}}